{"id":2782,"date":"2022-01-18T10:44:11","date_gmt":"2022-01-18T10:44:11","guid":{"rendered":"https:\/\/saliceclubresort.com\/kontakte\/"},"modified":"2025-04-30T08:42:46","modified_gmt":"2025-04-30T08:42:46","slug":"kontakte","status":"publish","type":"page","link":"https:\/\/saliceclubresort.com\/de\/kontakte\/","title":{"rendered":"kontakte"},"content":{"rendered":"<section class=\"l-section wpb_row height_full valign_top with_img\"><div class=\"l-section-img\" style=\"background-image: url(https:\/\/saliceclubresort.com\/wp-content\/uploads\/2021\/10\/salice-club-resort-calabria-villaggio-mare-aree-comuni-04.jpeg);\" data-img-width=\"1500\" data-img-height=\"999\"><\/div><div class=\"l-section-h i-cf\"><div class=\"g-cols vc_row type_default valign_top\"><div class=\"vc_col-sm-12 wpb_column vc_column_container\"><div class=\"vc_column-inner\"><div class=\"wpb_wrapper\"><div class=\"ult-spacer spacer-69e5baf144346\" data-id=\"69e5baf144346\" data-height=\"400\" data-height-mobile=\"400\" data-height-tab=\"400\" data-height-tab-portrait=\"\" data-height-mobile-landscape=\"\" style=\"clear:both;display:block;\"><\/div><\/div><\/div><\/div><\/div><\/div><\/section><section class=\"l-section wpb_row us_custom_71a8a418 height_small\"><div class=\"l-section-h i-cf\"><div class=\"g-cols vc_row type_default valign_top\"><div class=\"vc_col-sm-12 wpb_column vc_column_container\"><div class=\"vc_column-inner\"><div class=\"wpb_wrapper\"><section class=\"l-section wpb_row us_custom_b2abc357 height_small\"><div class=\"l-section-h i-cf\"><div class=\"g-cols vc_row type_default valign_top\"><div class=\"vc_col-sm-12 wpb_column vc_column_container has-fill\"><div class=\"vc_column-inner us_custom_1544aad6\"><div class=\"wpb_wrapper\"><div class=\"g-cols wpb_row  us_custom_4f9bf18d type_default valign_top vc_inner\"><div class=\"vc_col-sm-6 wpb_column vc_column_container\"><div class=\"vc_column-inner\"><div class=\"wpb_wrapper\"><\/div><\/div><\/div><div class=\"vc_col-sm-6 wpb_column vc_column_container\"><div class=\"vc_column-inner\"><div class=\"wpb_wrapper\"><div class=\"wpb_text_column us_custom_d85f45a3 has_text_color\" ><div class=\"wpb_wrapper\"><p style=\"text-align: right;\"><em>Bestpreisgarantie<\/em><\/p>\n<\/div><\/div><\/div><\/div><\/div><\/div><div class=\"ult-spacer spacer-69e5baf145566\" data-id=\"69e5baf145566\" data-height=\"10\" data-height-mobile=\"10\" data-height-tab=\"10\" data-height-tab-portrait=\"\" data-height-mobile-landscape=\"\" style=\"clear:both;display:block;\"><\/div>[vc_raw_html css=&#8220;%7B%22mobiles%22%3A%7B%22margin-top%22%3A%2215px%22%7D%7D&#8220;]PGRpdiBpZD0ic2ItY29udGFpbmVyIj48L2Rpdj4=[\/vc_raw_html]<\/div><\/div><\/div><\/div><\/div><\/section>\n<\/div><\/div><\/div><\/div><\/div><\/section><section class=\"l-section wpb_row height_small\"><div class=\"l-section-h i-cf\"><div class=\"g-cols vc_row type_default valign_top\"><div class=\"vc_col-sm-12 wpb_column vc_column_container\"><div class=\"vc_column-inner\"><div class=\"wpb_wrapper\"><div class=\"ult-spacer spacer-69e5baf14591d\" data-id=\"69e5baf14591d\" data-height=\"20\" data-height-mobile=\"20\" data-height-tab=\"20\" data-height-tab-portrait=\"20\" data-height-mobile-landscape=\"20\" style=\"clear:both;display:block;\"><\/div><div class=\"wpb_text_column us_custom_c07ef284 has_text_color\" ><div class=\"wpb_wrapper\"><h1 style=\"text-align: center;\">Kontakte<\/h1>\n<\/div><\/div><div class=\"wpb_text_column us_custom_19ed58e8\" ><div class=\"wpb_wrapper\"><h5 style=\"text-align: center;\">KONTAKTIEREN SIE UNS F\u00dcR WEITERE INFORMATIONEN, ODER<br \/>\nF\u00dcLLEN SIE DAS FOLGENDE FORMULAR AUS<\/h5>\n<\/div><\/div><div class=\"ult-spacer spacer-69e5baf145b43\" data-id=\"69e5baf145b43\" data-height=\"20\" data-height-mobile=\"20\" data-height-tab=\"20\" data-height-tab-portrait=\"20\" data-height-mobile-landscape=\"20\" style=\"clear:both;display:block;\"><\/div><div class=\"g-cols wpb_row  type_default valign_top vc_inner\"><div class=\"vc_col-sm-6 wpb_column vc_column_container has-fill\"><div class=\"vc_column-inner us_custom_c70c97eb\"><div class=\"wpb_wrapper\"><div class=\"wpb_text_column us_custom_6714879d\" ><div class=\"wpb_wrapper\"><p style=\"text-align: left;\">KONTAKTE<\/p>\n<\/div><\/div><div class=\"w-iconbox iconpos_left style_default color_primary align_left no_title\"><div class=\"w-iconbox-icon\" style=\"font-size:20px;\"><i class=\"fal fa-map-marker-alt\"><\/i><\/div><div class=\"w-iconbox-meta\"><div class=\"w-iconbox-text\"><div><span class=\"mod-attachments__text\">Via Ticino, 13 &#8211; 87064 &#8211; Corigliano Calabro (CS) Italy<\/span><\/div>\n<\/div><\/div><\/div><div class=\"ult-spacer spacer-69e5baf146317\" data-id=\"69e5baf146317\" data-height=\"20\" data-height-mobile=\"20\" data-height-tab=\"20\" data-height-tab-portrait=\"\" data-height-mobile-landscape=\"\" style=\"clear:both;display:block;\"><\/div><div class=\"w-iconbox iconpos_left style_default color_primary align_left no_title\"><div class=\"w-iconbox-icon\" style=\"font-size:20px;\"><i class=\"fal fa-phone\"><\/i><\/div><div class=\"w-iconbox-meta\"><div class=\"w-iconbox-text\"><p><a href=\"tel:+390983851169\">+39 0983.851169<\/a> \/ <a href=\"tel:+390983851372\">+39 0983.851372\u00a0<\/a><\/p>\n<\/div><\/div><\/div><div class=\"ult-spacer spacer-69e5baf1463cb\" data-id=\"69e5baf1463cb\" data-height=\"20\" data-height-mobile=\"20\" data-height-tab=\"20\" data-height-tab-portrait=\"\" data-height-mobile-landscape=\"\" style=\"clear:both;display:block;\"><\/div><div class=\"w-iconbox iconpos_left style_default color_primary align_left no_title\"><div class=\"w-iconbox-icon\" style=\"font-size:20px;\"><i class=\"fab fa-whatsapp\"><\/i><\/div><div class=\"w-iconbox-meta\"><div class=\"w-iconbox-text\"><p><a href=\"https:\/\/wa.me\/+393465934880\">+39 346.5934880<\/a><\/p>\n<\/div><\/div><\/div><div class=\"ult-spacer spacer-69e5baf14645b\" data-id=\"69e5baf14645b\" data-height=\"20\" data-height-mobile=\"20\" data-height-tab=\"20\" data-height-tab-portrait=\"\" data-height-mobile-landscape=\"\" style=\"clear:both;display:block;\"><\/div><div class=\"w-iconbox iconpos_left style_default color_primary align_left no_title\"><div class=\"w-iconbox-icon\" style=\"font-size:20px;\"><i class=\"fal fa-envelope\"><\/i><\/div><div class=\"w-iconbox-meta\"><div class=\"w-iconbox-text\"><p><span class=\"mod-attachments__text\"><a href=\"mailto:info@salicevacanze.it\">info@salicevacanze.it<\/a><br \/>\n<\/span><\/p>\n<\/div><\/div><\/div><div class=\"ult-spacer spacer-69e5baf1464dc\" data-id=\"69e5baf1464dc\" data-height=\"20\" data-height-mobile=\"20\" data-height-tab=\"20\" data-height-tab-portrait=\"\" data-height-mobile-landscape=\"\" style=\"clear:both;display:block;\"><\/div><div class=\"w-iconbox iconpos_left style_default color_primary align_left no_title\"><div class=\"w-iconbox-icon\" style=\"font-size:20px;\"><i class=\"fal fa-envelope\"><\/i><\/div><div class=\"w-iconbox-meta\"><div class=\"w-iconbox-text\"><p><span class=\"mod-attachments__text\"><a href=\"mailto:booking@saliceclubresort.com\">booking@saliceclubresort.com<\/a><br \/>\n<\/span><\/p>\n<\/div><\/div><\/div><div class=\"ult-spacer spacer-69e5baf146577\" data-id=\"69e5baf146577\" data-height=\"20\" data-height-mobile=\"20\" data-height-tab=\"20\" data-height-tab-portrait=\"\" data-height-mobile-landscape=\"\" style=\"clear:both;display:block;\"><\/div><div class=\"w-iconbox iconpos_left style_default color_primary align_left no_title\"><div class=\"w-iconbox-icon\" style=\"font-size:20px;\"><i class=\"fal fa-envelope\"><\/i><\/div><div class=\"w-iconbox-meta\"><div class=\"w-iconbox-text\"><div><span class=\"mod-attachments__text\"><a href=\"mailto:wedding@saliceclubresort.com\">wedding@saliceclubresort.com<\/a><\/span><\/div>\n<\/div><\/div><\/div><div class=\"ult-spacer spacer-69e5baf1465fc\" data-id=\"69e5baf1465fc\" data-height=\"40\" data-height-mobile=\"40\" data-height-tab=\"40\" data-height-tab-portrait=\"\" data-height-mobile-landscape=\"\" style=\"clear:both;display:block;\"><\/div><div class=\"w-image has_ratio align_center\"><div class=\"w-image-h\"><div style=\"padding-bottom:75.0000%\"><\/div><img width=\"1024\" height=\"768\" src=\"https:\/\/saliceclubresort.com\/wp-content\/uploads\/2021\/06\/salice-club-resort-calabria-villaggio-mare-06-1024x768.jpg\" class=\"attachment-large size-large\" alt=\"\" decoding=\"async\" loading=\"lazy\" srcset=\"https:\/\/saliceclubresort.com\/wp-content\/uploads\/2021\/06\/salice-club-resort-calabria-villaggio-mare-06-1024x768.jpg 1024w, https:\/\/saliceclubresort.com\/wp-content\/uploads\/2021\/06\/salice-club-resort-calabria-villaggio-mare-06-300x225.jpg 300w, https:\/\/saliceclubresort.com\/wp-content\/uploads\/2021\/06\/salice-club-resort-calabria-villaggio-mare-06.jpg 2016w\" sizes=\"(max-width: 1024px) 100vw, 1024px\" \/><\/div><\/div><\/div><\/div><\/div><div class=\"vc_col-sm-6 wpb_column vc_column_container\"><div class=\"vc_column-inner\"><div class=\"wpb_wrapper\"><div class=\"ult-spacer spacer-69e5baf146c77\" data-id=\"69e5baf146c77\" data-height=\"\" data-height-mobile=\"30\" data-height-tab=\"20\" data-height-tab-portrait=\"20\" data-height-mobile-landscape=\"30\" style=\"clear:both;display:block;\"><\/div><div class=\"wpb_text_column\" ><div class=\"wpb_wrapper\"><p><span id=\"xyz_ips_shortcode_1\" class=\"xyz_ic_copy_shortcode\"><\/span><\/p>\n<\/div><\/div><\/div><\/div><\/div><\/div><\/div><\/div><\/div><\/div><\/div><\/section><section class=\"l-section wpb_row height_small width_full\" id=\"dove-siamo\"><div class=\"l-section-h i-cf\"><div class=\"g-cols vc_row type_default valign_top\"><div class=\"vc_col-sm-12 wpb_column vc_column_container\"><div class=\"vc_column-inner\"><div class=\"wpb_wrapper\"><div class=\"w-map provider_osm us_map_1\" id=\"us_map_1\"><div class=\"w-map-json\" onclick='return {&quot;address&quot;:&quot;39.679615,16.5201888&quot;,&quot;markers&quot;:[{&quot;address&quot;:&quot;39.679615,16.5201888&quot;,&quot;html&quot;:&quot;&lt;p&gt;SALICE RESORT&lt;\\\/p&gt;&quot;,&quot;infowindow&quot;:false}],&quot;zoom&quot;:14,&quot;icon&quot;:{&quot;url&quot;:&quot;https:\\\/\\\/saliceclubresort.com\\\/wp-content\\\/uploads\\\/2021\\\/07\\\/salice-resor-calabria-pin-03.png&quot;,&quot;size&quot;:[80,80]},&quot;height&quot;:400,&quot;style&quot;:&quot;https:\\\/\\\/{s}.tile.openstreetmap.org\\\/{z}\\\/{x}\\\/{y}.png&quot;,&quot;disableZoom&quot;:true,&quot;disableDragging&quot;:true}'><\/div><\/div><\/div><\/div><\/div><\/div><\/div><\/section><section class=\"l-section wpb_row height_small\"><div class=\"l-section-h i-cf\"><div class=\"g-cols vc_row type_default valign_top\"><div class=\"vc_col-sm-12 wpb_column vc_column_container\"><div class=\"vc_column-inner\"><div class=\"wpb_wrapper\"><div class=\"ult-spacer spacer-69e5baf1477e0\" data-id=\"69e5baf1477e0\" data-height=\"20\" data-height-mobile=\"20\" data-height-tab=\"20\" data-height-tab-portrait=\"20\" data-height-mobile-landscape=\"20\" style=\"clear:both;display:block;\"><\/div><div class=\"wpb_text_column us_custom_c07ef284 has_text_color\" ><div class=\"wpb_wrapper\"><h1 style=\"text-align: center;\">Wo wir sind<\/h1>\n<\/div><\/div><div class=\"wpb_text_column us_custom_19ed58e8\" ><div class=\"wpb_wrapper\"><h5 style=\"text-align: center;\">Urlaub in Corigliano Calabro<\/h5>\n<\/div><\/div><div class=\"g-cols wpb_row  type_default valign_top vc_inner\"><div class=\"vc_col-sm-12 wpb_column vc_column_container\"><div class=\"vc_column-inner\"><div class=\"wpb_wrapper\"><div class=\"w-iconbox iconpos_left style_default color_primary align_left\"><div class=\"w-iconbox-icon\" style=\"font-size:25px;\"><i class=\"fal fa-car\"><\/i><\/div><div class=\"w-iconbox-meta\"><h6 class=\"w-iconbox-title\">Mit Auto<\/h6><div class=\"w-iconbox-text\"><p>Fahren Sie auf der Autobahn A3 (Salerno-Reggio Calabria) bis zur Ausfahrt Sibari -&gt; SS 106 \/ bis nach Crotone -&gt; an der Ausfahrt 19 km zum Salice Club Resort<br \/>\nFahren Sie die Autobahn A14 (Adriatica) entlang, Ausfahrt Palagiano -&gt; SS106 in Richtung Reggio Calabria. Das Resort liegt etwa 5 km nach der Kreuzung Sibari in Richtung Corigliano (gegen\u00fcber Ipercoop).<\/p>\n<\/div><\/div><\/div><\/div><\/div><\/div><\/div><div class=\"g-cols wpb_row  type_default valign_top vc_inner\"><div class=\"vc_col-sm-2 wpb_column vc_column_container\"><div class=\"vc_column-inner\"><div class=\"wpb_wrapper\"><div class=\"w-separator size_small with_line width_default thick_5 style_solid color_border align_center\"><div class=\"w-separator-h\"><\/div><\/div><\/div><\/div><\/div><div class=\"vc_col-sm-10 wpb_column vc_column_container\"><div class=\"vc_column-inner\"><div class=\"wpb_wrapper\"><\/div><\/div><\/div><\/div><div class=\"g-cols wpb_row  type_default valign_top vc_inner\"><div class=\"vc_col-sm-12 wpb_column vc_column_container\"><div class=\"vc_column-inner\"><div class=\"wpb_wrapper\"><div class=\"w-iconbox iconpos_left style_default color_primary align_left\"><div class=\"w-iconbox-icon\" style=\"font-size:25px;\"><i class=\"fal fa-bus\"><\/i><\/div><div class=\"w-iconbox-meta\"><h6 class=\"w-iconbox-title\">Mit Bus<\/h6><div class=\"w-iconbox-text\"><p>Aus Italien oder Deutschland, Kontakt:<br \/>\n&#8211; Ag. SIMET tel. 0983 520315 &#8211; <a href=\"http:\/\/www.simetspa.it\" target=\"_blank\" rel=\"nofollow noopener\"> www.simetspa.it <\/a><br \/>\nM\u00fcnchen: 089 5309500<br \/>\nHamburg: 02212-576713<br \/>\n&#8211; Ag. IAS SCURA tel. 0983 565635 &#8211; <a href=\"http:\/\/www.iasautolinee.it\" target=\"_blank\" rel=\"nofollow noopener\"> www.iasautolinee.it <\/a><\/p>\n<\/div><\/div><\/div><\/div><\/div><\/div><\/div><div class=\"g-cols wpb_row  type_default valign_top vc_inner\"><div class=\"vc_col-sm-2 wpb_column vc_column_container\"><div class=\"vc_column-inner\"><div class=\"wpb_wrapper\"><div class=\"w-separator size_small with_line width_default thick_5 style_solid color_border align_center\"><div class=\"w-separator-h\"><\/div><\/div><\/div><\/div><\/div><div class=\"vc_col-sm-10 wpb_column vc_column_container\"><div class=\"vc_column-inner\"><div class=\"wpb_wrapper\"><\/div><\/div><\/div><\/div><div class=\"g-cols wpb_row  type_default valign_top vc_inner\"><div class=\"vc_col-sm-12 wpb_column vc_column_container\"><div class=\"vc_column-inner\"><div class=\"wpb_wrapper\"><div class=\"w-iconbox iconpos_left style_default color_primary align_left\"><div class=\"w-iconbox-icon\" style=\"font-size:25px;\"><i class=\"fal fa-train\"><\/i><\/div><div class=\"w-iconbox-meta\"><h6 class=\"w-iconbox-title\">Mit Zug<\/h6><div class=\"w-iconbox-text\"><p>Bahnhof von Corigliano oder Sibari &#8211; <a href=\"http:\/\/www.iasautolinee.it\" target=\"_blank\" rel=\"nofollow noopener\"> www.trenitalia.it <\/a><br \/>\n(Salice Club Resort ist nur 7 km entfernt)<\/p>\n<\/div><\/div><\/div><\/div><\/div><\/div><\/div><div class=\"g-cols wpb_row  type_default valign_top vc_inner\"><div class=\"vc_col-sm-2 wpb_column vc_column_container\"><div class=\"vc_column-inner\"><div class=\"wpb_wrapper\"><div class=\"w-separator size_small with_line width_default thick_5 style_solid color_border align_center\"><div class=\"w-separator-h\"><\/div><\/div><\/div><\/div><\/div><div class=\"vc_col-sm-10 wpb_column vc_column_container\"><div class=\"vc_column-inner\"><div class=\"wpb_wrapper\"><\/div><\/div><\/div><\/div><div class=\"g-cols wpb_row  type_default valign_top vc_inner\"><div class=\"vc_col-sm-12 wpb_column vc_column_container\"><div class=\"vc_column-inner\"><div class=\"wpb_wrapper\"><div class=\"w-iconbox iconpos_left style_default color_primary align_left\"><div class=\"w-iconbox-icon\" style=\"font-size:25px;\"><i class=\"fal fa-plane\"><\/i><\/div><div class=\"w-iconbox-meta\"><h6 class=\"w-iconbox-title\">Mit Flugzeug<\/h6><div class=\"w-iconbox-text\"><p>Flughafen Lamezia Terme (km 120); Crotone (km 100)<\/p>\n<\/div><\/div><\/div><\/div><\/div><\/div><\/div><\/div><\/div><\/div><\/div><\/div><\/section>\n","protected":false},"excerpt":{"rendered":"Bestpreisgarantie [vc_raw_html css=&#8220;%7B%22mobiles%22%3A%7B%22margin-top%22%3A%2215px%22%7D%7D&#8220;]PGRpdiBpZD0ic2ItY29udGFpbmVyIj48L2Rpdj4=[\/vc_raw_html] Kontakte KONTAKTIEREN SIE UNS F\u00dcR WEITERE INFORMATIONEN, ODER F\u00dcLLEN SIE DAS FOLGENDE FORMULAR AUS KONTAKTE Via Ticino, 13 - 87064 - Corigliano Calabro (CS) Italy +39 0983.851169 \/ +39 0983.851372\u00a0 +39 346.5934880 info@salicevacanze.it booking@saliceclubresort.com wedding@saliceclubresort.com Wo wir sind Urlaub in Corigliano Calabro Mit AutoFahren Sie auf der Autobahn A3 (Salerno-Reggio Calabria) bis...","protected":false},"author":1,"featured_media":0,"parent":0,"menu_order":0,"comment_status":"closed","ping_status":"closed","template":"","meta":[],"yoast_head":"<!-- This site is optimized with the Yoast SEO plugin v16.4 - https:\/\/yoast.com\/wordpress\/plugins\/seo\/ -->\n<title>Kontakte zu Resort Kalabrien, Hotel Ferienanlage Sibari, Ferienwohnung Meer<\/title>\n<meta name=\"description\" content=\"Kontaktieren Sie uns, um alle n\u00fctzlichen Informationen f\u00fcr den Urlaub in unserem Dorf, Hotel und Residence an der Ionischen K\u00fcste von Kalabrien, zwischen Sybaris und Corigliano zu erhalten. Wir sind direkt am Meer.\" \/>\n<meta name=\"robots\" content=\"index, follow, max-snippet:-1, max-image-preview:large, max-video-preview:-1\" \/>\n<link rel=\"canonical\" href=\"https:\/\/saliceclubresort.com\/de\/kontakte\/\" \/>\n<meta property=\"og:locale\" content=\"de_DE\" \/>\n<meta property=\"og:type\" content=\"article\" \/>\n<meta property=\"og:title\" content=\"Kontakte zu Resort Kalabrien, Hotel Ferienanlage Sibari, Ferienwohnung Meer\" \/>\n<meta property=\"og:description\" content=\"Kontaktieren Sie uns, um alle n\u00fctzlichen Informationen f\u00fcr den Urlaub in unserem Dorf, Hotel und Residence an der Ionischen K\u00fcste von Kalabrien, zwischen Sybaris und Corigliano zu erhalten. Wir sind direkt am Meer.\" \/>\n<meta property=\"og:url\" content=\"https:\/\/saliceclubresort.com\/de\/kontakte\/\" \/>\n<meta property=\"og:site_name\" content=\"Salice Resort\" \/>\n<meta property=\"article:publisher\" content=\"https:\/\/www.facebook.com\/saliceclubresort\/\" \/>\n<meta property=\"article:modified_time\" content=\"2025-04-30T08:42:46+00:00\" \/>\n<meta name=\"twitter:card\" content=\"summary_large_image\" \/>\n<meta name=\"twitter:label1\" content=\"Gesch\u00e4tzte Lesezeit\" \/>\n\t<meta name=\"twitter:data1\" content=\"2\u00a0Minuten\" \/>\n<script type=\"application\/ld+json\" class=\"yoast-schema-graph\">{\"@context\":\"https:\/\/schema.org\",\"@graph\":[{\"@type\":\"Organization\",\"@id\":\"https:\/\/saliceclubresort.com\/de\/#organization\",\"name\":\"Salice Club Resort\",\"url\":\"https:\/\/saliceclubresort.com\/de\/\",\"sameAs\":[\"https:\/\/www.facebook.com\/saliceclubresort\/\",\"https:\/\/www.instagram.com\/saliceclubresort\/\"],\"logo\":{\"@type\":\"ImageObject\",\"@id\":\"https:\/\/saliceclubresort.com\/de\/#logo\",\"inLanguage\":\"de\",\"url\":\"https:\/\/saliceclubresort.com\/wp-content\/uploads\/2021\/06\/salice-club-resort-calabria-logo.png\",\"contentUrl\":\"https:\/\/saliceclubresort.com\/wp-content\/uploads\/2021\/06\/salice-club-resort-calabria-logo.png\",\"width\":584,\"height\":192,\"caption\":\"Salice Club Resort\"},\"image\":{\"@id\":\"https:\/\/saliceclubresort.com\/de\/#logo\"}},{\"@type\":\"WebSite\",\"@id\":\"https:\/\/saliceclubresort.com\/de\/#website\",\"url\":\"https:\/\/saliceclubresort.com\/de\/\",\"name\":\"Salice Club Resort\",\"description\":\"Resort a quattro stelle in Calabria\",\"publisher\":{\"@id\":\"https:\/\/saliceclubresort.com\/de\/#organization\"},\"potentialAction\":[{\"@type\":\"SearchAction\",\"target\":\"https:\/\/saliceclubresort.com\/de\/?s={search_term_string}\",\"query-input\":\"required name=search_term_string\"}],\"inLanguage\":\"de\"},{\"@type\":\"WebPage\",\"@id\":\"https:\/\/saliceclubresort.com\/de\/kontakte\/#webpage\",\"url\":\"https:\/\/saliceclubresort.com\/de\/kontakte\/\",\"name\":\"Kontakte zu Resort Kalabrien, Hotel Ferienanlage Sibari, Ferienwohnung Meer\",\"isPartOf\":{\"@id\":\"https:\/\/saliceclubresort.com\/de\/#website\"},\"datePublished\":\"2022-01-18T10:44:11+00:00\",\"dateModified\":\"2025-04-30T08:42:46+00:00\",\"description\":\"Kontaktieren Sie uns, um alle n\\u00fctzlichen Informationen f\\u00fcr den Urlaub in unserem Dorf, Hotel und Residence an der Ionischen K\\u00fcste von Kalabrien, zwischen Sybaris und Corigliano zu erhalten. Wir sind direkt am Meer.\",\"breadcrumb\":{\"@id\":\"https:\/\/saliceclubresort.com\/de\/kontakte\/#breadcrumb\"},\"inLanguage\":\"de\",\"potentialAction\":[{\"@type\":\"ReadAction\",\"target\":[\"https:\/\/saliceclubresort.com\/de\/kontakte\/\"]}]},{\"@type\":\"BreadcrumbList\",\"@id\":\"https:\/\/saliceclubresort.com\/de\/kontakte\/#breadcrumb\",\"itemListElement\":[{\"@type\":\"ListItem\",\"position\":1,\"item\":{\"@type\":\"WebPage\",\"@id\":\"https:\/\/saliceclubresort.com\/de\/\",\"url\":\"https:\/\/saliceclubresort.com\/de\/\",\"name\":\"Home\"}},{\"@type\":\"ListItem\",\"position\":2,\"item\":{\"@id\":\"https:\/\/saliceclubresort.com\/de\/kontakte\/#webpage\"}}]}]}<\/script>\n<!-- \/ Yoast SEO plugin. -->","_links":{"self":[{"href":"https:\/\/saliceclubresort.com\/de\/wp-json\/wp\/v2\/pages\/2782"}],"collection":[{"href":"https:\/\/saliceclubresort.com\/de\/wp-json\/wp\/v2\/pages"}],"about":[{"href":"https:\/\/saliceclubresort.com\/de\/wp-json\/wp\/v2\/types\/page"}],"author":[{"embeddable":true,"href":"https:\/\/saliceclubresort.com\/de\/wp-json\/wp\/v2\/users\/1"}],"replies":[{"embeddable":true,"href":"https:\/\/saliceclubresort.com\/de\/wp-json\/wp\/v2\/comments?post=2782"}],"version-history":[{"count":6,"href":"https:\/\/saliceclubresort.com\/de\/wp-json\/wp\/v2\/pages\/2782\/revisions"}],"predecessor-version":[{"id":3983,"href":"https:\/\/saliceclubresort.com\/de\/wp-json\/wp\/v2\/pages\/2782\/revisions\/3983"}],"wp:attachment":[{"href":"https:\/\/saliceclubresort.com\/de\/wp-json\/wp\/v2\/media?parent=2782"}],"curies":[{"name":"wp","href":"https:\/\/api.w.org\/{rel}","templated":true}]}}