{"id":2794,"date":"2022-01-18T11:08:37","date_gmt":"2022-01-18T11:08:37","guid":{"rendered":"https:\/\/saliceclubresort.com\/kontakty\/"},"modified":"2025-04-30T08:43:03","modified_gmt":"2025-04-30T08:43:03","slug":"kontakty","status":"publish","type":"page","link":"https:\/\/saliceclubresort.com\/pl\/kontakty\/","title":{"rendered":"Kontakty"},"content":{"rendered":"<section class=\"l-section wpb_row height_full valign_top with_img\"><div class=\"l-section-img\" style=\"background-image: url(https:\/\/saliceclubresort.com\/wp-content\/uploads\/2021\/10\/salice-club-resort-calabria-villaggio-mare-aree-comuni-04.jpeg);\" data-img-width=\"1500\" data-img-height=\"999\"><\/div><div class=\"l-section-h i-cf\"><div class=\"g-cols vc_row type_default valign_top\"><div class=\"vc_col-sm-12 wpb_column vc_column_container\"><div class=\"vc_column-inner\"><div class=\"wpb_wrapper\"><div class=\"ult-spacer spacer-69df42ae82829\" data-id=\"69df42ae82829\" data-height=\"400\" data-height-mobile=\"400\" data-height-tab=\"400\" data-height-tab-portrait=\"\" data-height-mobile-landscape=\"\" style=\"clear:both;display:block;\"><\/div><\/div><\/div><\/div><\/div><\/div><\/section><section class=\"l-section wpb_row us_custom_71a8a418 height_small\"><div class=\"l-section-h i-cf\"><div class=\"g-cols vc_row type_default valign_top\"><div class=\"vc_col-sm-12 wpb_column vc_column_container\"><div class=\"vc_column-inner\"><div class=\"wpb_wrapper\"><section class=\"l-section wpb_row us_custom_b2abc357 height_small\"><div class=\"l-section-h i-cf\"><div class=\"g-cols vc_row type_default valign_top\"><div class=\"vc_col-sm-12 wpb_column vc_column_container has-fill\"><div class=\"vc_column-inner us_custom_1544aad6\"><div class=\"wpb_wrapper\"><div class=\"g-cols wpb_row  us_custom_4f9bf18d type_default valign_top vc_inner\"><div class=\"vc_col-sm-6 wpb_column vc_column_container\"><div class=\"vc_column-inner\"><div class=\"wpb_wrapper\"><\/div><\/div><\/div><div class=\"vc_col-sm-6 wpb_column vc_column_container\"><div class=\"vc_column-inner\"><div class=\"wpb_wrapper\"><div class=\"wpb_text_column us_custom_d85f45a3 has_text_color\" ><div class=\"wpb_wrapper\"><p style=\"text-align: right;\"><em>Gwarancja najlepszej stawki<\/em><\/p>\n<\/div><\/div><\/div><\/div><\/div><\/div><div class=\"ult-spacer spacer-69df42ae83a97\" data-id=\"69df42ae83a97\" data-height=\"10\" data-height-mobile=\"10\" data-height-tab=\"10\" data-height-tab-portrait=\"\" data-height-mobile-landscape=\"\" style=\"clear:both;display:block;\"><\/div>[vc_raw_html css=&#8221;%7B%22mobiles%22%3A%7B%22margin-top%22%3A%2215px%22%7D%7D&#8221;]PGRpdiBpZD0ic2ItY29udGFpbmVyIj48L2Rpdj4g[\/vc_raw_html]<\/div><\/div><\/div><\/div><\/div><\/section>\n<\/div><\/div><\/div><\/div><\/div><\/section><section class=\"l-section wpb_row height_small\"><div class=\"l-section-h i-cf\"><div class=\"g-cols vc_row type_default valign_top\"><div class=\"vc_col-sm-12 wpb_column vc_column_container\"><div class=\"vc_column-inner\"><div class=\"wpb_wrapper\"><div class=\"ult-spacer spacer-69df42ae83e75\" data-id=\"69df42ae83e75\" data-height=\"20\" data-height-mobile=\"20\" data-height-tab=\"20\" data-height-tab-portrait=\"20\" data-height-mobile-landscape=\"20\" style=\"clear:both;display:block;\"><\/div><div class=\"wpb_text_column us_custom_c07ef284 has_text_color\" ><div class=\"wpb_wrapper\"><h1 style=\"text-align: center;\">Kontakty<\/h1>\n<\/div><\/div><div class=\"wpb_text_column us_custom_19ed58e8\" ><div class=\"wpb_wrapper\"><h5 style=\"text-align: center;\">SKONTAKTUJ SI\u0118 Z NAMI, ABY UZYSKA\u0106 WI\u0118CEJ INFORMACJI, LUB WYPE\u0141NIJ PONI\u017bSZY FORMULARZ<\/h5>\n<\/div><\/div><div class=\"ult-spacer spacer-69df42ae84091\" data-id=\"69df42ae84091\" data-height=\"20\" data-height-mobile=\"20\" data-height-tab=\"20\" data-height-tab-portrait=\"20\" data-height-mobile-landscape=\"20\" style=\"clear:both;display:block;\"><\/div><div class=\"g-cols wpb_row  type_default valign_top vc_inner\"><div class=\"vc_col-sm-6 wpb_column vc_column_container has-fill\"><div class=\"vc_column-inner us_custom_c70c97eb\"><div class=\"wpb_wrapper\"><div class=\"wpb_text_column us_custom_6714879d\" ><div class=\"wpb_wrapper\"><p style=\"text-align: left;\">KONTAKTY<\/p>\n<\/div><\/div><div class=\"w-iconbox iconpos_left style_default color_primary align_left no_title\"><div class=\"w-iconbox-icon\" style=\"font-size:20px;\"><i class=\"fal fa-map-marker-alt\"><\/i><\/div><div class=\"w-iconbox-meta\"><div class=\"w-iconbox-text\"><div><span class=\"mod-attachments__text\">Via Ticino, 13 &#8211; 87064 &#8211; Corigliano Calabro (CS) Italy<\/span><\/div>\n<\/div><\/div><\/div><div class=\"ult-spacer spacer-69df42ae847d0\" data-id=\"69df42ae847d0\" data-height=\"20\" data-height-mobile=\"20\" data-height-tab=\"20\" data-height-tab-portrait=\"\" data-height-mobile-landscape=\"\" style=\"clear:both;display:block;\"><\/div><div class=\"w-iconbox iconpos_left style_default color_primary align_left no_title\"><div class=\"w-iconbox-icon\" style=\"font-size:20px;\"><i class=\"fal fa-phone\"><\/i><\/div><div class=\"w-iconbox-meta\"><div class=\"w-iconbox-text\"><p><a href=\"tel:+390983851169\">+39 0983.851169<\/a> \/ <a href=\"tel:+390983851372\">+39 0983.851372\u00a0<\/a><\/p>\n<\/div><\/div><\/div><div class=\"ult-spacer spacer-69df42ae8487f\" data-id=\"69df42ae8487f\" data-height=\"20\" data-height-mobile=\"20\" data-height-tab=\"20\" data-height-tab-portrait=\"\" data-height-mobile-landscape=\"\" style=\"clear:both;display:block;\"><\/div><div class=\"w-iconbox iconpos_left style_default color_primary align_left no_title\"><div class=\"w-iconbox-icon\" style=\"font-size:20px;\"><i class=\"fab fa-whatsapp\"><\/i><\/div><div class=\"w-iconbox-meta\"><div class=\"w-iconbox-text\"><p><a href=\"https:\/\/wa.me\/+393465934880\">+39 346.5934880<\/a><\/p>\n<\/div><\/div><\/div><div class=\"ult-spacer spacer-69df42ae8491e\" data-id=\"69df42ae8491e\" data-height=\"20\" data-height-mobile=\"20\" data-height-tab=\"20\" data-height-tab-portrait=\"\" data-height-mobile-landscape=\"\" style=\"clear:both;display:block;\"><\/div><div class=\"w-iconbox iconpos_left style_default color_primary align_left no_title\"><div class=\"w-iconbox-icon\" style=\"font-size:20px;\"><i class=\"fal fa-envelope\"><\/i><\/div><div class=\"w-iconbox-meta\"><div class=\"w-iconbox-text\"><p><span class=\"mod-attachments__text\"><a href=\"mailto:info@salicevacanze.it\">info@salicevacanze.it<\/a><br \/>\n<\/span><\/p>\n<\/div><\/div><\/div><div class=\"ult-spacer spacer-69df42ae849ad\" data-id=\"69df42ae849ad\" data-height=\"20\" data-height-mobile=\"20\" data-height-tab=\"20\" data-height-tab-portrait=\"\" data-height-mobile-landscape=\"\" style=\"clear:both;display:block;\"><\/div><div class=\"w-iconbox iconpos_left style_default color_primary align_left no_title\"><div class=\"w-iconbox-icon\" style=\"font-size:20px;\"><i class=\"fal fa-envelope\"><\/i><\/div><div class=\"w-iconbox-meta\"><div class=\"w-iconbox-text\"><p><span class=\"mod-attachments__text\"><a href=\"mailto:booking@saliceclubresort.com\">booking@saliceclubresort.com<\/a><br \/>\n<\/span><\/p>\n<\/div><\/div><\/div><div class=\"ult-spacer spacer-69df42ae84a30\" data-id=\"69df42ae84a30\" data-height=\"20\" data-height-mobile=\"20\" data-height-tab=\"20\" data-height-tab-portrait=\"\" data-height-mobile-landscape=\"\" style=\"clear:both;display:block;\"><\/div><div class=\"w-iconbox iconpos_left style_default color_primary align_left no_title\"><div class=\"w-iconbox-icon\" style=\"font-size:20px;\"><i class=\"fal fa-envelope\"><\/i><\/div><div class=\"w-iconbox-meta\"><div class=\"w-iconbox-text\"><div><span class=\"mod-attachments__text\"><a href=\"mailto:wedding@saliceclubresort.com\">wedding@saliceclubresort.com<\/a><\/span><\/div>\n<\/div><\/div><\/div><div class=\"ult-spacer spacer-69df42ae84abc\" data-id=\"69df42ae84abc\" data-height=\"40\" data-height-mobile=\"40\" data-height-tab=\"40\" data-height-tab-portrait=\"\" data-height-mobile-landscape=\"\" style=\"clear:both;display:block;\"><\/div><div class=\"w-image has_ratio align_center\"><div class=\"w-image-h\"><div style=\"padding-bottom:75.0000%\"><\/div><img width=\"1024\" height=\"768\" src=\"https:\/\/saliceclubresort.com\/wp-content\/uploads\/2021\/06\/salice-club-resort-calabria-villaggio-mare-06-1024x768.jpg\" class=\"attachment-large size-large\" alt=\"\" decoding=\"async\" loading=\"lazy\" srcset=\"https:\/\/saliceclubresort.com\/wp-content\/uploads\/2021\/06\/salice-club-resort-calabria-villaggio-mare-06-1024x768.jpg 1024w, https:\/\/saliceclubresort.com\/wp-content\/uploads\/2021\/06\/salice-club-resort-calabria-villaggio-mare-06-300x225.jpg 300w, https:\/\/saliceclubresort.com\/wp-content\/uploads\/2021\/06\/salice-club-resort-calabria-villaggio-mare-06.jpg 2016w\" sizes=\"(max-width: 1024px) 100vw, 1024px\" \/><\/div><\/div><\/div><\/div><\/div><div class=\"vc_col-sm-6 wpb_column vc_column_container\"><div class=\"vc_column-inner\"><div class=\"wpb_wrapper\"><div class=\"ult-spacer spacer-69df42ae85180\" data-id=\"69df42ae85180\" data-height=\"\" data-height-mobile=\"30\" data-height-tab=\"20\" data-height-tab-portrait=\"20\" data-height-mobile-landscape=\"30\" style=\"clear:both;display:block;\"><\/div><div class=\"wpb_text_column\" ><div class=\"wpb_wrapper\"><p><span id=\"xyz_ips_shortcode_1\" class=\"xyz_ic_copy_shortcode\"><\/span><\/p>\n<\/div><\/div><\/div><\/div><\/div><\/div><\/div><\/div><\/div><\/div><\/div><\/section><section class=\"l-section wpb_row height_small width_full\" id=\"dove-siamo\"><div class=\"l-section-h i-cf\"><div class=\"g-cols vc_row type_default valign_top\"><div class=\"vc_col-sm-12 wpb_column vc_column_container\"><div class=\"vc_column-inner\"><div class=\"wpb_wrapper\"><div class=\"w-map provider_osm us_map_1\" id=\"us_map_1\"><div class=\"w-map-json\" onclick='return {&quot;address&quot;:&quot;39.679615,16.5201888&quot;,&quot;markers&quot;:[{&quot;address&quot;:&quot;39.679615,16.5201888&quot;,&quot;html&quot;:&quot;&lt;p&gt;SALICE RESORT&lt;\\\/p&gt;&quot;,&quot;infowindow&quot;:false}],&quot;zoom&quot;:14,&quot;icon&quot;:{&quot;url&quot;:&quot;https:\\\/\\\/saliceclubresort.com\\\/wp-content\\\/uploads\\\/2021\\\/07\\\/salice-resor-calabria-pin-03.png&quot;,&quot;size&quot;:[80,80]},&quot;height&quot;:400,&quot;style&quot;:&quot;https:\\\/\\\/{s}.tile.openstreetmap.org\\\/{z}\\\/{x}\\\/{y}.png&quot;,&quot;disableZoom&quot;:true,&quot;disableDragging&quot;:true}'><\/div><\/div><\/div><\/div><\/div><\/div><\/div><\/section><section class=\"l-section wpb_row height_small\"><div class=\"l-section-h i-cf\"><div class=\"g-cols vc_row type_default valign_top\"><div class=\"vc_col-sm-12 wpb_column vc_column_container\"><div class=\"vc_column-inner\"><div class=\"wpb_wrapper\"><div class=\"ult-spacer spacer-69df42ae85cfb\" data-id=\"69df42ae85cfb\" data-height=\"20\" data-height-mobile=\"20\" data-height-tab=\"20\" data-height-tab-portrait=\"20\" data-height-mobile-landscape=\"20\" style=\"clear:both;display:block;\"><\/div><div class=\"wpb_text_column us_custom_97d69d2b has_text_color\" ><div class=\"wpb_wrapper\"><h1 style=\"text-align: center;\">Gdzie si\u0119 znajdujemy<\/h1>\n<\/div><\/div><div class=\"wpb_text_column us_custom_19ed58e8\" ><div class=\"wpb_wrapper\"><h5 style=\"text-align: center;\">Wakacje w Corigliano Calabro<\/h5>\n<\/div><\/div><div class=\"g-cols wpb_row  type_default valign_top vc_inner\"><div class=\"vc_col-sm-12 wpb_column vc_column_container\"><div class=\"vc_column-inner\"><div class=\"wpb_wrapper\"><div class=\"w-iconbox iconpos_left style_default color_primary align_left\"><div class=\"w-iconbox-icon\" style=\"font-size:25px;\"><i class=\"fal fa-car\"><\/i><\/div><div class=\"w-iconbox-meta\"><h6 class=\"w-iconbox-title\">Samochdem<\/h6><div class=\"w-iconbox-text\"><p>Wd\u0142u\u017c autostrady A3(Salerno -Reggio Calabria),zjazdna sibari -&gt;SS106\/bis do Crotone -&gt;w km 19skrzy\u017cowanie do Salice Club Resort<br \/>\nWzd\u0142u\u017c autostrady A14 (adriatica),zjazd Palagiano-&gt;SS106 w kierunku Reggio Calabria.Kurort znajduje si\u0119 ok 5km od skrzy\u017cowania w kierunku Corigliano(na przciw Ipercoop)<\/p>\n<\/div><\/div><\/div><\/div><\/div><\/div><\/div><div class=\"g-cols wpb_row  type_default valign_top vc_inner\"><div class=\"vc_col-sm-2 wpb_column vc_column_container\"><div class=\"vc_column-inner\"><div class=\"wpb_wrapper\"><div class=\"w-separator size_small with_line width_default thick_5 style_solid color_border align_center\"><div class=\"w-separator-h\"><\/div><\/div><\/div><\/div><\/div><div class=\"vc_col-sm-10 wpb_column vc_column_container\"><div class=\"vc_column-inner\"><div class=\"wpb_wrapper\"><\/div><\/div><\/div><\/div><div class=\"g-cols wpb_row  type_default valign_top vc_inner\"><div class=\"vc_col-sm-12 wpb_column vc_column_container\"><div class=\"vc_column-inner\"><div class=\"wpb_wrapper\"><div class=\"w-iconbox iconpos_left style_default color_primary align_left\"><div class=\"w-iconbox-icon\" style=\"font-size:25px;\"><i class=\"fal fa-bus\"><\/i><\/div><div class=\"w-iconbox-meta\"><h6 class=\"w-iconbox-title\">Autokarem<\/h6><div class=\"w-iconbox-text\"><p>Z W\u0142och lub niemiec zkontaktowa\u0107 si\u0119 z :<br \/>\nAg. SIMET tel. 0983 520315 &#8211;\u00a0<a href=\"http:\/\/www.simetspa.it\/\" target=\"_blank\" rel=\"nofollow noopener\">www.simetspa.it<\/a><br \/>\nMunchen: 089 5309500<br \/>\nHamburg: 02212-576713<br \/>\n&#8211; Ag. IAS SCURA tel. 0983 565635 &#8211;\u00a0<a href=\"http:\/\/www.iasautolinee.it\/\" target=\"_blank\" rel=\"nofollow noopener\">www.iasautolinee.it<\/a><\/p>\n<\/div><\/div><\/div><\/div><\/div><\/div><\/div><div class=\"g-cols wpb_row  type_default valign_top vc_inner\"><div class=\"vc_col-sm-2 wpb_column vc_column_container\"><div class=\"vc_column-inner\"><div class=\"wpb_wrapper\"><div class=\"w-separator size_small with_line width_default thick_5 style_solid color_border align_center\"><div class=\"w-separator-h\"><\/div><\/div><\/div><\/div><\/div><div class=\"vc_col-sm-10 wpb_column vc_column_container\"><div class=\"vc_column-inner\"><div class=\"wpb_wrapper\"><\/div><\/div><\/div><\/div><div class=\"g-cols wpb_row  type_default valign_top vc_inner\"><div class=\"vc_col-sm-12 wpb_column vc_column_container\"><div class=\"vc_column-inner\"><div class=\"wpb_wrapper\"><div class=\"w-iconbox iconpos_left style_default color_primary align_left\"><div class=\"w-iconbox-icon\" style=\"font-size:25px;\"><i class=\"fal fa-train\"><\/i><\/div><div class=\"w-iconbox-meta\"><h6 class=\"w-iconbox-title\">Poci\u0105giem<\/h6><div class=\"w-iconbox-text\"><p>Stacja kolejowa w Corigliano Calabro &#8211;\u00a0<a href=\"http:\/\/www.iasautolinee.it\/\" target=\"_blank\" rel=\"nofollow noopener\">www.trenitalia.it<\/a><br \/>\n(7 km od Salice Club Resort)<\/p>\n<\/div><\/div><\/div><\/div><\/div><\/div><\/div><div class=\"g-cols wpb_row  type_default valign_top vc_inner\"><div class=\"vc_col-sm-2 wpb_column vc_column_container\"><div class=\"vc_column-inner\"><div class=\"wpb_wrapper\"><div class=\"w-separator size_small with_line width_default thick_5 style_solid color_border align_center\"><div class=\"w-separator-h\"><\/div><\/div><\/div><\/div><\/div><div class=\"vc_col-sm-10 wpb_column vc_column_container\"><div class=\"vc_column-inner\"><div class=\"wpb_wrapper\"><\/div><\/div><\/div><\/div><div class=\"g-cols wpb_row  type_default valign_top vc_inner\"><div class=\"vc_col-sm-12 wpb_column vc_column_container\"><div class=\"vc_column-inner\"><div class=\"wpb_wrapper\"><div class=\"w-iconbox iconpos_left style_default color_primary align_left\"><div class=\"w-iconbox-icon\" style=\"font-size:25px;\"><i class=\"fal fa-plane\"><\/i><\/div><div class=\"w-iconbox-meta\"><h6 class=\"w-iconbox-title\">Samolotem<\/h6><div class=\"w-iconbox-text\"><p>Lotnisko w Lamezia Terme (km 120); Crotone (km 100)<\/p>\n<\/div><\/div><\/div><\/div><\/div><\/div><\/div><\/div><\/div><\/div><\/div><\/div><\/section>\n","protected":false},"excerpt":{"rendered":"Gwarancja najlepszej stawki [vc_raw_html css=&#8221;%7B%22mobiles%22%3A%7B%22margin-top%22%3A%2215px%22%7D%7D&#8221;]PGRpdiBpZD0ic2ItY29udGFpbmVyIj48L2Rpdj4g[\/vc_raw_html] Kontakty SKONTAKTUJ SI\u0118 Z NAMI, ABY UZYSKA\u0106 WI\u0118CEJ INFORMACJI, LUB WYPE\u0141NIJ PONI\u017bSZY FORMULARZ KONTAKTY Via Ticino, 13 - 87064 - Corigliano Calabro (CS) Italy +39 0983.851169 \/ +39 0983.851372\u00a0 +39 346.5934880 info@salicevacanze.it booking@saliceclubresort.com wedding@saliceclubresort.com Gdzie si\u0119 znajdujemy Wakacje w Corigliano Calabro SamochdemWd\u0142u\u017c autostrady A3(Salerno -Reggio Calabria),zjazdna sibari -&gt;SS106\/bis do Crotone...","protected":false},"author":1,"featured_media":0,"parent":0,"menu_order":0,"comment_status":"closed","ping_status":"closed","template":"","meta":[],"yoast_head":"<!-- This site is optimized with the Yoast SEO plugin v16.4 - https:\/\/yoast.com\/wordpress\/plugins\/seo\/ -->\n<title>Kontakt z o\u015brodkiem wczasowym Kalabria, Hotel Kurort Sibari, o\u015brodek wczasowy morze<\/title>\n<meta name=\"description\" content=\"Skontaktuj si\u0119 z nami,aby otrzyma\u0107 przydatne informacje na wakacje w naszym o\u015brodku wczasowym i hotelu ,na wybrze\u017cu morza Jo\u0144skiego w Kalabrii mi\u0119dzy Sibari i Corigliano.Jeste\u015bmy bezpo\u015brednio nad morzem.\" \/>\n<meta name=\"robots\" content=\"index, follow, max-snippet:-1, max-image-preview:large, max-video-preview:-1\" \/>\n<link rel=\"canonical\" href=\"https:\/\/saliceclubresort.com\/pl\/kontakty\/\" \/>\n<meta property=\"og:locale\" content=\"pl_PL\" \/>\n<meta property=\"og:type\" content=\"article\" \/>\n<meta property=\"og:title\" content=\"Kontakt z o\u015brodkiem wczasowym Kalabria, Hotel Kurort Sibari, o\u015brodek wczasowy morze\" \/>\n<meta property=\"og:description\" content=\"Skontaktuj si\u0119 z nami,aby otrzyma\u0107 przydatne informacje na wakacje w naszym o\u015brodku wczasowym i hotelu ,na wybrze\u017cu morza Jo\u0144skiego w Kalabrii mi\u0119dzy Sibari i Corigliano.Jeste\u015bmy bezpo\u015brednio nad morzem.\" \/>\n<meta property=\"og:url\" content=\"https:\/\/saliceclubresort.com\/pl\/kontakty\/\" \/>\n<meta property=\"og:site_name\" content=\"Salice Resort\" \/>\n<meta property=\"article:publisher\" content=\"https:\/\/www.facebook.com\/saliceclubresort\/\" \/>\n<meta property=\"article:modified_time\" content=\"2025-04-30T08:43:03+00:00\" \/>\n<meta name=\"twitter:card\" content=\"summary_large_image\" \/>\n<meta name=\"twitter:label1\" content=\"Szacowany czas czytania\" \/>\n\t<meta name=\"twitter:data1\" content=\"2 minuty\" \/>\n<script type=\"application\/ld+json\" class=\"yoast-schema-graph\">{\"@context\":\"https:\/\/schema.org\",\"@graph\":[{\"@type\":\"Organization\",\"@id\":\"https:\/\/saliceclubresort.com\/pl\/#organization\",\"name\":\"Salice Club Resort\",\"url\":\"https:\/\/saliceclubresort.com\/pl\/\",\"sameAs\":[\"https:\/\/www.facebook.com\/saliceclubresort\/\",\"https:\/\/www.instagram.com\/saliceclubresort\/\"],\"logo\":{\"@type\":\"ImageObject\",\"@id\":\"https:\/\/saliceclubresort.com\/pl\/#logo\",\"inLanguage\":\"pl-PL\",\"url\":\"https:\/\/saliceclubresort.com\/wp-content\/uploads\/2021\/06\/salice-club-resort-calabria-logo.png\",\"contentUrl\":\"https:\/\/saliceclubresort.com\/wp-content\/uploads\/2021\/06\/salice-club-resort-calabria-logo.png\",\"width\":584,\"height\":192,\"caption\":\"Salice Club Resort\"},\"image\":{\"@id\":\"https:\/\/saliceclubresort.com\/pl\/#logo\"}},{\"@type\":\"WebSite\",\"@id\":\"https:\/\/saliceclubresort.com\/pl\/#website\",\"url\":\"https:\/\/saliceclubresort.com\/pl\/\",\"name\":\"Salice Club Resort\",\"description\":\"Resort a quattro stelle in Calabria\",\"publisher\":{\"@id\":\"https:\/\/saliceclubresort.com\/pl\/#organization\"},\"potentialAction\":[{\"@type\":\"SearchAction\",\"target\":\"https:\/\/saliceclubresort.com\/pl\/?s={search_term_string}\",\"query-input\":\"required name=search_term_string\"}],\"inLanguage\":\"pl-PL\"},{\"@type\":\"WebPage\",\"@id\":\"https:\/\/saliceclubresort.com\/pl\/kontakty\/#webpage\",\"url\":\"https:\/\/saliceclubresort.com\/pl\/kontakty\/\",\"name\":\"Kontakt z o\\u015brodkiem wczasowym Kalabria, Hotel Kurort Sibari, o\\u015brodek wczasowy morze\",\"isPartOf\":{\"@id\":\"https:\/\/saliceclubresort.com\/pl\/#website\"},\"datePublished\":\"2022-01-18T11:08:37+00:00\",\"dateModified\":\"2025-04-30T08:43:03+00:00\",\"description\":\"Skontaktuj si\\u0119 z nami,aby otrzyma\\u0107 przydatne informacje na wakacje w naszym o\\u015brodku wczasowym i hotelu ,na wybrze\\u017cu morza Jo\\u0144skiego w Kalabrii mi\\u0119dzy Sibari i Corigliano.Jeste\\u015bmy bezpo\\u015brednio nad morzem.\",\"breadcrumb\":{\"@id\":\"https:\/\/saliceclubresort.com\/pl\/kontakty\/#breadcrumb\"},\"inLanguage\":\"pl-PL\",\"potentialAction\":[{\"@type\":\"ReadAction\",\"target\":[\"https:\/\/saliceclubresort.com\/pl\/kontakty\/\"]}]},{\"@type\":\"BreadcrumbList\",\"@id\":\"https:\/\/saliceclubresort.com\/pl\/kontakty\/#breadcrumb\",\"itemListElement\":[{\"@type\":\"ListItem\",\"position\":1,\"item\":{\"@type\":\"WebPage\",\"@id\":\"https:\/\/saliceclubresort.com\/pl\/\",\"url\":\"https:\/\/saliceclubresort.com\/pl\/\",\"name\":\"Home\"}},{\"@type\":\"ListItem\",\"position\":2,\"item\":{\"@id\":\"https:\/\/saliceclubresort.com\/pl\/kontakty\/#webpage\"}}]}]}<\/script>\n<!-- \/ Yoast SEO plugin. -->","_links":{"self":[{"href":"https:\/\/saliceclubresort.com\/pl\/wp-json\/wp\/v2\/pages\/2794"}],"collection":[{"href":"https:\/\/saliceclubresort.com\/pl\/wp-json\/wp\/v2\/pages"}],"about":[{"href":"https:\/\/saliceclubresort.com\/pl\/wp-json\/wp\/v2\/types\/page"}],"author":[{"embeddable":true,"href":"https:\/\/saliceclubresort.com\/pl\/wp-json\/wp\/v2\/users\/1"}],"replies":[{"embeddable":true,"href":"https:\/\/saliceclubresort.com\/pl\/wp-json\/wp\/v2\/comments?post=2794"}],"version-history":[{"count":6,"href":"https:\/\/saliceclubresort.com\/pl\/wp-json\/wp\/v2\/pages\/2794\/revisions"}],"predecessor-version":[{"id":3984,"href":"https:\/\/saliceclubresort.com\/pl\/wp-json\/wp\/v2\/pages\/2794\/revisions\/3984"}],"wp:attachment":[{"href":"https:\/\/saliceclubresort.com\/pl\/wp-json\/wp\/v2\/media?parent=2794"}],"curies":[{"name":"wp","href":"https:\/\/api.w.org\/{rel}","templated":true}]}}