{"id":2810,"date":"2022-01-21T08:55:58","date_gmt":"2022-01-21T08:55:58","guid":{"rendered":"https:\/\/saliceclubresort.com\/pracuj-z-nami\/"},"modified":"2025-04-30T08:56:12","modified_gmt":"2025-04-30T08:56:12","slug":"pracuj-z-nami","status":"publish","type":"page","link":"https:\/\/saliceclubresort.com\/pl\/pracuj-z-nami\/","title":{"rendered":"Pracuj z nami"},"content":{"rendered":"<section class=\"l-section wpb_row height_full valign_top with_img\"><div class=\"l-section-img\" style=\"background-image: url(https:\/\/saliceclubresort.com\/wp-content\/uploads\/2021\/06\/salice-club-resort-calabria-villaggio-mare-piscina-11.jpg);background-repeat: no-repeat;\" data-img-width=\"1500\" data-img-height=\"998\"><\/div><div class=\"l-section-h i-cf\"><div class=\"g-cols vc_row type_default valign_top\"><div class=\"vc_col-sm-12 wpb_column vc_column_container\"><div class=\"vc_column-inner\"><div class=\"wpb_wrapper\"><div class=\"ult-spacer spacer-69dce7fc35fd3\" data-id=\"69dce7fc35fd3\" data-height=\"400\" data-height-mobile=\"400\" data-height-tab=\"400\" data-height-tab-portrait=\"\" data-height-mobile-landscape=\"\" style=\"clear:both;display:block;\"><\/div><\/div><\/div><\/div><\/div><\/div><\/section><section class=\"l-section wpb_row height_small\"><div class=\"l-section-h i-cf\"><div class=\"g-cols vc_row type_default valign_top\"><div class=\"vc_col-sm-12 wpb_column vc_column_container\"><div class=\"vc_column-inner\"><div class=\"wpb_wrapper\"><div class=\"ult-spacer spacer-69dce7fc37871\" data-id=\"69dce7fc37871\" data-height=\"20\" data-height-mobile=\"20\" data-height-tab=\"20\" data-height-tab-portrait=\"20\" data-height-mobile-landscape=\"20\" style=\"clear:both;display:block;\"><\/div><div class=\"wpb_text_column us_custom_ed541d95 has_text_color\" ><div class=\"wpb_wrapper\"><h1 style=\"text-align: center;\">Pracuj z nami<\/h1>\n<\/div><\/div><div class=\"wpb_text_column us_custom_19ed58e8\" ><div class=\"wpb_wrapper\"><h5 style=\"text-align: center;\">WYPE\u0141NIJ PONI\u017bSZY FORMULARZ I DO\u0141\u0104CZ SWOJE CV<\/h5>\n<\/div><\/div><div class=\"ult-spacer spacer-69dce7fc37b66\" data-id=\"69dce7fc37b66\" data-height=\"20\" data-height-mobile=\"20\" data-height-tab=\"20\" data-height-tab-portrait=\"20\" data-height-mobile-landscape=\"20\" style=\"clear:both;display:block;\"><\/div><div class=\"g-cols wpb_row  type_default valign_top gap-5PX vc_inner\"><style>.g-cols.gap-5PX{margin:0 calc(-1.5rem - 5PX)}.gap-5PX > .vc_column_container {padding:5PX}<\/style><div class=\"vc_col-sm-6 wpb_column vc_column_container has-fill\"><div class=\"vc_column-inner us_custom_c9598c18\"><div class=\"wpb_wrapper\"><div class=\"ult-spacer spacer-69dce7fc37d77\" data-id=\"69dce7fc37d77\" data-height=\"\" data-height-mobile=\"300\" data-height-tab=\"\" data-height-tab-portrait=\"\" data-height-mobile-landscape=\"300\" style=\"clear:both;display:block;\"><\/div><\/div><\/div><\/div><div class=\"vc_col-sm-6 wpb_column vc_column_container has-fill\"><div class=\"vc_column-inner us_custom_c70c97eb\"><div class=\"wpb_wrapper\"><div class=\"wpb_text_column\" ><div class=\"wpb_wrapper\"><p><span id=\"xyz_ips_shortcode_2\" class=\"xyz_ic_copy_shortcode\"><\/span><\/p>\n<\/div><\/div><\/div><\/div><\/div><\/div><\/div><\/div><\/div><\/div><\/div><\/section>\n","protected":false},"excerpt":{"rendered":"Pracuj z nami WYPE\u0141NIJ PONI\u017bSZY FORMULARZ I DO\u0141\u0104CZ SWOJE CV","protected":false},"author":1,"featured_media":0,"parent":0,"menu_order":0,"comment_status":"closed","ping_status":"closed","template":"","meta":[],"yoast_head":"<!-- This site is optimized with the Yoast SEO plugin v16.4 - https:\/\/yoast.com\/wordpress\/plugins\/seo\/ -->\n<title>Pracuj z nami | Salice Resort<\/title>\n<meta name=\"robots\" content=\"index, follow, max-snippet:-1, max-image-preview:large, max-video-preview:-1\" \/>\n<link rel=\"canonical\" href=\"https:\/\/saliceclubresort.com\/pl\/pracuj-z-nami\/\" \/>\n<meta property=\"og:locale\" content=\"pl_PL\" \/>\n<meta property=\"og:type\" content=\"article\" \/>\n<meta property=\"og:title\" content=\"Pracuj z nami | Salice Resort\" \/>\n<meta property=\"og:url\" content=\"https:\/\/saliceclubresort.com\/pl\/pracuj-z-nami\/\" \/>\n<meta property=\"og:site_name\" content=\"Salice Resort\" \/>\n<meta property=\"article:publisher\" content=\"https:\/\/www.facebook.com\/saliceclubresort\/\" \/>\n<meta property=\"article:modified_time\" content=\"2025-04-30T08:56:12+00:00\" \/>\n<meta name=\"twitter:card\" content=\"summary_large_image\" \/>\n<meta name=\"twitter:label1\" content=\"Szacowany czas czytania\" \/>\n\t<meta name=\"twitter:data1\" content=\"1 minuta\" \/>\n<script type=\"application\/ld+json\" class=\"yoast-schema-graph\">{\"@context\":\"https:\/\/schema.org\",\"@graph\":[{\"@type\":\"Organization\",\"@id\":\"https:\/\/saliceclubresort.com\/pl\/#organization\",\"name\":\"Salice Club Resort\",\"url\":\"https:\/\/saliceclubresort.com\/pl\/\",\"sameAs\":[\"https:\/\/www.facebook.com\/saliceclubresort\/\",\"https:\/\/www.instagram.com\/saliceclubresort\/\"],\"logo\":{\"@type\":\"ImageObject\",\"@id\":\"https:\/\/saliceclubresort.com\/pl\/#logo\",\"inLanguage\":\"pl-PL\",\"url\":\"https:\/\/saliceclubresort.com\/wp-content\/uploads\/2021\/06\/salice-club-resort-calabria-logo.png\",\"contentUrl\":\"https:\/\/saliceclubresort.com\/wp-content\/uploads\/2021\/06\/salice-club-resort-calabria-logo.png\",\"width\":584,\"height\":192,\"caption\":\"Salice Club Resort\"},\"image\":{\"@id\":\"https:\/\/saliceclubresort.com\/pl\/#logo\"}},{\"@type\":\"WebSite\",\"@id\":\"https:\/\/saliceclubresort.com\/pl\/#website\",\"url\":\"https:\/\/saliceclubresort.com\/pl\/\",\"name\":\"Salice Club Resort\",\"description\":\"Resort a quattro stelle in Calabria\",\"publisher\":{\"@id\":\"https:\/\/saliceclubresort.com\/pl\/#organization\"},\"potentialAction\":[{\"@type\":\"SearchAction\",\"target\":\"https:\/\/saliceclubresort.com\/pl\/?s={search_term_string}\",\"query-input\":\"required name=search_term_string\"}],\"inLanguage\":\"pl-PL\"},{\"@type\":\"WebPage\",\"@id\":\"https:\/\/saliceclubresort.com\/pl\/pracuj-z-nami\/#webpage\",\"url\":\"https:\/\/saliceclubresort.com\/pl\/pracuj-z-nami\/\",\"name\":\"Pracuj z nami | Salice Resort\",\"isPartOf\":{\"@id\":\"https:\/\/saliceclubresort.com\/pl\/#website\"},\"datePublished\":\"2022-01-21T08:55:58+00:00\",\"dateModified\":\"2025-04-30T08:56:12+00:00\",\"breadcrumb\":{\"@id\":\"https:\/\/saliceclubresort.com\/pl\/pracuj-z-nami\/#breadcrumb\"},\"inLanguage\":\"pl-PL\",\"potentialAction\":[{\"@type\":\"ReadAction\",\"target\":[\"https:\/\/saliceclubresort.com\/pl\/pracuj-z-nami\/\"]}]},{\"@type\":\"BreadcrumbList\",\"@id\":\"https:\/\/saliceclubresort.com\/pl\/pracuj-z-nami\/#breadcrumb\",\"itemListElement\":[{\"@type\":\"ListItem\",\"position\":1,\"item\":{\"@type\":\"WebPage\",\"@id\":\"https:\/\/saliceclubresort.com\/pl\/\",\"url\":\"https:\/\/saliceclubresort.com\/pl\/\",\"name\":\"Home\"}},{\"@type\":\"ListItem\",\"position\":2,\"item\":{\"@id\":\"https:\/\/saliceclubresort.com\/pl\/pracuj-z-nami\/#webpage\"}}]}]}<\/script>\n<!-- \/ Yoast SEO plugin. -->","_links":{"self":[{"href":"https:\/\/saliceclubresort.com\/pl\/wp-json\/wp\/v2\/pages\/2810"}],"collection":[{"href":"https:\/\/saliceclubresort.com\/pl\/wp-json\/wp\/v2\/pages"}],"about":[{"href":"https:\/\/saliceclubresort.com\/pl\/wp-json\/wp\/v2\/types\/page"}],"author":[{"embeddable":true,"href":"https:\/\/saliceclubresort.com\/pl\/wp-json\/wp\/v2\/users\/1"}],"replies":[{"embeddable":true,"href":"https:\/\/saliceclubresort.com\/pl\/wp-json\/wp\/v2\/comments?post=2810"}],"version-history":[{"count":3,"href":"https:\/\/saliceclubresort.com\/pl\/wp-json\/wp\/v2\/pages\/2810\/revisions"}],"predecessor-version":[{"id":3988,"href":"https:\/\/saliceclubresort.com\/pl\/wp-json\/wp\/v2\/pages\/2810\/revisions\/3988"}],"wp:attachment":[{"href":"https:\/\/saliceclubresort.com\/pl\/wp-json\/wp\/v2\/media?parent=2810"}],"curies":[{"name":"wp","href":"https:\/\/api.w.org\/{rel}","templated":true}]}}