{"id":3538,"date":"2022-03-04T08:28:25","date_gmt":"2022-03-04T08:28:25","guid":{"rendered":"https:\/\/saliceclubresort.com\/?page_id=3538"},"modified":"2022-03-04T08:34:28","modified_gmt":"2022-03-04T08:34:28","slug":"metody-platnosci","status":"publish","type":"page","link":"https:\/\/saliceclubresort.com\/pl\/metody-platnosci\/","title":{"rendered":"Metody p\u0142atno\u015bci"},"content":{"rendered":"<section class=\"l-section wpb_row height_small\"><div class=\"l-section-h i-cf\"><div class=\"g-cols vc_row type_default valign_top\"><div class=\"vc_col-sm-12 wpb_column vc_column_container\"><div class=\"vc_column-inner\"><div class=\"wpb_wrapper\"><div class=\"ult-spacer spacer-69e5baf75c25d\" data-id=\"69e5baf75c25d\" data-height=\"20\" data-height-mobile=\"0\" data-height-tab=\"20\" data-height-tab-portrait=\"0\" data-height-mobile-landscape=\"0\" style=\"clear:both;display:block;\"><\/div><\/div><\/div><\/div><\/div><\/div><\/section><section class=\"l-section wpb_row height_small\"><div class=\"l-section-h i-cf\"><div class=\"g-cols vc_row type_default valign_top\"><div class=\"vc_col-sm-12 wpb_column vc_column_container\"><div class=\"vc_column-inner\"><div class=\"wpb_wrapper\"><section class=\"l-section wpb_row us_custom_b2abc357 height_small\"><div class=\"l-section-h i-cf\"><div class=\"g-cols vc_row type_default valign_top\"><div class=\"vc_col-sm-12 wpb_column vc_column_container has-fill\"><div class=\"vc_column-inner us_custom_1544aad6\"><div class=\"wpb_wrapper\"><div class=\"g-cols wpb_row  us_custom_4f9bf18d type_default valign_top vc_inner\"><div class=\"vc_col-sm-6 wpb_column vc_column_container\"><div class=\"vc_column-inner\"><div class=\"wpb_wrapper\"><\/div><\/div><\/div><div class=\"vc_col-sm-6 wpb_column vc_column_container\"><div class=\"vc_column-inner\"><div class=\"wpb_wrapper\"><div class=\"wpb_text_column us_custom_d85f45a3 has_text_color\" ><div class=\"wpb_wrapper\"><p style=\"text-align: right;\"><em>Gwarancja najlepszej stawki<\/em><\/p>\n<\/div><\/div><\/div><\/div><\/div><\/div><div class=\"ult-spacer spacer-69e5baf75d4b1\" data-id=\"69e5baf75d4b1\" data-height=\"10\" data-height-mobile=\"10\" data-height-tab=\"10\" data-height-tab-portrait=\"\" data-height-mobile-landscape=\"\" style=\"clear:both;display:block;\"><\/div>[vc_raw_html css=&#8221;%7B%22mobiles%22%3A%7B%22margin-top%22%3A%2215px%22%7D%7D&#8221;]PGRpdiBpZD0ic2ItY29udGFpbmVyIj48L2Rpdj4g[\/vc_raw_html]<\/div><\/div><\/div><\/div><\/div><\/section>\n<\/div><\/div><\/div><\/div><\/div><\/section><section class=\"l-section wpb_row height_small\"><div class=\"l-section-h i-cf\"><div class=\"g-cols vc_row type_default valign_top\"><div class=\"vc_col-sm-12 wpb_column vc_column_container\"><div class=\"vc_column-inner\"><div class=\"wpb_wrapper\"><div class=\"ult-spacer spacer-69e5baf75d7e6\" data-id=\"69e5baf75d7e6\" data-height=\"20\" data-height-mobile=\"20\" data-height-tab=\"20\" data-height-tab-portrait=\"20\" data-height-mobile-landscape=\"20\" style=\"clear:both;display:block;\"><\/div><div class=\"wpb_text_column us_custom_c07ef284 has_text_color\" ><div class=\"wpb_wrapper\"><h1 style=\"text-align: center;\">Metody p\u0142atno\u015bci<\/h1>\n<\/div><\/div><div class=\"ult-spacer spacer-69e5baf75d916\" data-id=\"69e5baf75d916\" data-height=\"10\" data-height-mobile=\"10\" data-height-tab=\"10\" data-height-tab-portrait=\"\" data-height-mobile-landscape=\"\" style=\"clear:both;display:block;\"><\/div><div class=\"wpb_text_column us_custom_19ed58e8\" ><div class=\"wpb_wrapper\"><\/p>\n<h5 style=\"text-align: center;\">SALICE RESORT &#8211; WIE\u015a W KALABRII<\/h5>\n<p>\n<\/div><\/div><div class=\"ult-spacer spacer-69e5baf75da24\" data-id=\"69e5baf75da24\" data-height=\"20\" data-height-mobile=\"20\" data-height-tab=\"20\" data-height-tab-portrait=\"20\" data-height-mobile-landscape=\"20\" style=\"clear:both;display:block;\"><\/div><\/div><\/div><\/div><\/div><\/div><\/section><section class=\"l-section wpb_row height_small\"><div class=\"l-section-h i-cf\"><div class=\"g-cols vc_row type_default valign_top\"><div class=\"vc_col-sm-4 wpb_column vc_column_container\"><div class=\"vc_column-inner\"><div class=\"wpb_wrapper\"><\/div><\/div><\/div><div class=\"vc_col-sm-4 wpb_column vc_column_container\"><div class=\"vc_column-inner\"><div class=\"wpb_wrapper\"><div class=\"w-btn-wrapper width_auto align_center\"><a class=\"w-btn us-btn-style_3\" target=\"_blank\" href=\"https:\/\/saliceclubresort.com\/wp-content\/uploads\/2022\/03\/salice.pdf\" rel=\"noopener\"><span class=\"w-btn-label\">ScalaPay<\/span><\/a><\/div><\/div><\/div><\/div><div class=\"vc_col-sm-4 wpb_column vc_column_container\"><div class=\"vc_column-inner\"><div class=\"wpb_wrapper\"><\/div><\/div><\/div><\/div><\/div><\/section>\n","protected":false},"excerpt":{"rendered":"Gwarancja najlepszej stawki [vc_raw_html css=&#8221;%7B%22mobiles%22%3A%7B%22margin-top%22%3A%2215px%22%7D%7D&#8221;]PGRpdiBpZD0ic2ItY29udGFpbmVyIj48L2Rpdj4g[\/vc_raw_html] Metody p\u0142atno\u015bci SALICE RESORT &#8211; WIE\u015a W KALABRII ScalaPay","protected":false},"author":1,"featured_media":0,"parent":0,"menu_order":0,"comment_status":"closed","ping_status":"closed","template":"","meta":[],"yoast_head":"<!-- This site is optimized with the Yoast SEO plugin v16.4 - https:\/\/yoast.com\/wordpress\/plugins\/seo\/ -->\n<title>Metody p\u0142atno\u015bci | Salice Resort<\/title>\n<meta name=\"robots\" content=\"index, follow, max-snippet:-1, max-image-preview:large, max-video-preview:-1\" \/>\n<link rel=\"canonical\" href=\"https:\/\/saliceclubresort.com\/pl\/metody-platnosci\/\" \/>\n<meta property=\"og:locale\" content=\"pl_PL\" \/>\n<meta property=\"og:type\" content=\"article\" \/>\n<meta property=\"og:title\" content=\"Metody p\u0142atno\u015bci | Salice Resort\" \/>\n<meta property=\"og:url\" content=\"https:\/\/saliceclubresort.com\/pl\/metody-platnosci\/\" \/>\n<meta property=\"og:site_name\" content=\"Salice Resort\" \/>\n<meta property=\"article:publisher\" content=\"https:\/\/www.facebook.com\/saliceclubresort\/\" \/>\n<meta property=\"article:modified_time\" content=\"2022-03-04T08:34:28+00:00\" \/>\n<meta name=\"twitter:card\" content=\"summary_large_image\" \/>\n<meta name=\"twitter:label1\" content=\"Szacowany czas czytania\" \/>\n\t<meta name=\"twitter:data1\" content=\"1 minuta\" \/>\n<script type=\"application\/ld+json\" class=\"yoast-schema-graph\">{\"@context\":\"https:\/\/schema.org\",\"@graph\":[{\"@type\":\"Organization\",\"@id\":\"https:\/\/saliceclubresort.com\/pl\/#organization\",\"name\":\"Salice Club Resort\",\"url\":\"https:\/\/saliceclubresort.com\/pl\/\",\"sameAs\":[\"https:\/\/www.facebook.com\/saliceclubresort\/\",\"https:\/\/www.instagram.com\/saliceclubresort\/\"],\"logo\":{\"@type\":\"ImageObject\",\"@id\":\"https:\/\/saliceclubresort.com\/pl\/#logo\",\"inLanguage\":\"pl-PL\",\"url\":\"https:\/\/saliceclubresort.com\/wp-content\/uploads\/2021\/06\/salice-club-resort-calabria-logo.png\",\"contentUrl\":\"https:\/\/saliceclubresort.com\/wp-content\/uploads\/2021\/06\/salice-club-resort-calabria-logo.png\",\"width\":584,\"height\":192,\"caption\":\"Salice Club Resort\"},\"image\":{\"@id\":\"https:\/\/saliceclubresort.com\/pl\/#logo\"}},{\"@type\":\"WebSite\",\"@id\":\"https:\/\/saliceclubresort.com\/pl\/#website\",\"url\":\"https:\/\/saliceclubresort.com\/pl\/\",\"name\":\"Salice Club Resort\",\"description\":\"Resort a quattro stelle in Calabria\",\"publisher\":{\"@id\":\"https:\/\/saliceclubresort.com\/pl\/#organization\"},\"potentialAction\":[{\"@type\":\"SearchAction\",\"target\":\"https:\/\/saliceclubresort.com\/pl\/?s={search_term_string}\",\"query-input\":\"required name=search_term_string\"}],\"inLanguage\":\"pl-PL\"},{\"@type\":\"WebPage\",\"@id\":\"https:\/\/saliceclubresort.com\/pl\/metody-platnosci\/#webpage\",\"url\":\"https:\/\/saliceclubresort.com\/pl\/metody-platnosci\/\",\"name\":\"Metody p\\u0142atno\\u015bci | Salice Resort\",\"isPartOf\":{\"@id\":\"https:\/\/saliceclubresort.com\/pl\/#website\"},\"datePublished\":\"2022-03-04T08:28:25+00:00\",\"dateModified\":\"2022-03-04T08:34:28+00:00\",\"breadcrumb\":{\"@id\":\"https:\/\/saliceclubresort.com\/pl\/metody-platnosci\/#breadcrumb\"},\"inLanguage\":\"pl-PL\",\"potentialAction\":[{\"@type\":\"ReadAction\",\"target\":[\"https:\/\/saliceclubresort.com\/pl\/metody-platnosci\/\"]}]},{\"@type\":\"BreadcrumbList\",\"@id\":\"https:\/\/saliceclubresort.com\/pl\/metody-platnosci\/#breadcrumb\",\"itemListElement\":[{\"@type\":\"ListItem\",\"position\":1,\"item\":{\"@type\":\"WebPage\",\"@id\":\"https:\/\/saliceclubresort.com\/pl\/\",\"url\":\"https:\/\/saliceclubresort.com\/pl\/\",\"name\":\"Home\"}},{\"@type\":\"ListItem\",\"position\":2,\"item\":{\"@id\":\"https:\/\/saliceclubresort.com\/pl\/metody-platnosci\/#webpage\"}}]}]}<\/script>\n<!-- \/ Yoast SEO plugin. -->","_links":{"self":[{"href":"https:\/\/saliceclubresort.com\/pl\/wp-json\/wp\/v2\/pages\/3538"}],"collection":[{"href":"https:\/\/saliceclubresort.com\/pl\/wp-json\/wp\/v2\/pages"}],"about":[{"href":"https:\/\/saliceclubresort.com\/pl\/wp-json\/wp\/v2\/types\/page"}],"author":[{"embeddable":true,"href":"https:\/\/saliceclubresort.com\/pl\/wp-json\/wp\/v2\/users\/1"}],"replies":[{"embeddable":true,"href":"https:\/\/saliceclubresort.com\/pl\/wp-json\/wp\/v2\/comments?post=3538"}],"version-history":[{"count":4,"href":"https:\/\/saliceclubresort.com\/pl\/wp-json\/wp\/v2\/pages\/3538\/revisions"}],"predecessor-version":[{"id":3554,"href":"https:\/\/saliceclubresort.com\/pl\/wp-json\/wp\/v2\/pages\/3538\/revisions\/3554"}],"wp:attachment":[{"href":"https:\/\/saliceclubresort.com\/pl\/wp-json\/wp\/v2\/media?parent=3538"}],"curies":[{"name":"wp","href":"https:\/\/api.w.org\/{rel}","templated":true}]}}